{"id":102,"date":"2023-02-25T21:42:42","date_gmt":"2023-02-25T20:42:42","guid":{"rendered":"https:\/\/adopcion.org\/index.php\/politica-de-cookies-ue\/"},"modified":"2023-04-13T17:28:30","modified_gmt":"2023-04-13T16:28:30","slug":"politica-de-cookies-ue","status":"publish","type":"page","link":"https:\/\/adopcion.org\/index.php\/politica-de-cookies-ue\/","title":{"rendered":"Pol\u00edtica de cookies (UE)"},"content":{"rendered":"<p align=\"justify\"><span style=\"color: #000000;\"><span style=\"font-family: Century Gothic, serif;\"><span style=\"font-size: medium;\">Nuestra p\u00e1gina web utiliza cookies para distinguirle a usted de los dem\u00e1s usuarios de nuestro sitio web, lo que nos ayuda a proporcionarle una buena experiencia cuando navega por nuestro sitio web y nos permite asimismo mejorarlo. En cuando al uso de cookies, la Asociaci\u00f3n no presta ning\u00fan servicio comercial, tan s\u00f3lo se limita a informar y proporcionar libre y gratuitamente informaci\u00f3n relevante sobre la legislaci\u00f3n en Espa\u00f1a.<\/span><\/span><\/span><\/p>\n","protected":false},"excerpt":{"rendered":"<p>Nuestra p\u00e1gina web utiliza cookies para distinguirle a usted de los dem\u00e1s usuarios de nuestro sitio web, lo que nos ayuda a proporcionarle una buena experiencia cuando navega por nuestro sitio web y nos permite asimismo mejorarlo. En cuando al uso de cookies, la Asociaci\u00f3n no presta ning\u00fan servicio comercial, tan s\u00f3lo se limita a &hellip; <\/p>\n<p class=\"link-more\"><a href=\"https:\/\/adopcion.org\/index.php\/politica-de-cookies-ue\/\" class=\"more-link\">Continuar leyendo<span class=\"screen-reader-text\"> \u00abPol\u00edtica de cookies (UE)\u00bb<\/span><\/a><\/p>\n","protected":false},"author":1,"featured_media":0,"parent":0,"menu_order":0,"comment_status":"closed","ping_status":"closed","template":"","meta":{"footnotes":""},"class_list":["post-102","page","type-page","status-publish","hentry"],"_links":{"self":[{"href":"https:\/\/adopcion.org\/index.php\/wp-json\/wp\/v2\/pages\/102","targetHints":{"allow":["GET"]}}],"collection":[{"href":"https:\/\/adopcion.org\/index.php\/wp-json\/wp\/v2\/pages"}],"about":[{"href":"https:\/\/adopcion.org\/index.php\/wp-json\/wp\/v2\/types\/page"}],"author":[{"embeddable":true,"href":"https:\/\/adopcion.org\/index.php\/wp-json\/wp\/v2\/users\/1"}],"replies":[{"embeddable":true,"href":"https:\/\/adopcion.org\/index.php\/wp-json\/wp\/v2\/comments?post=102"}],"version-history":[{"count":1,"href":"https:\/\/adopcion.org\/index.php\/wp-json\/wp\/v2\/pages\/102\/revisions"}],"predecessor-version":[{"id":125,"href":"https:\/\/adopcion.org\/index.php\/wp-json\/wp\/v2\/pages\/102\/revisions\/125"}],"wp:attachment":[{"href":"https:\/\/adopcion.org\/index.php\/wp-json\/wp\/v2\/media?parent=102"}],"curies":[{"name":"wp","href":"https:\/\/api.w.org\/{rel}","templated":true}]}}