{"id":11,"date":"2023-02-23T19:38:13","date_gmt":"2023-02-23T19:38:13","guid":{"rendered":"https:\/\/adopcion.org\/?page_id=11"},"modified":"2024-03-15T10:07:30","modified_gmt":"2024-03-15T09:07:30","slug":"servicios-juridicos-ajenos-a-la-intermediacion","status":"publish","type":"page","link":"https:\/\/adopcion.org\/index.php\/adopcion-org-2023\/servicios-juridicos-ajenos-a-la-intermediacion\/","title":{"rendered":"II.- Servicios jur\u00eddicos"},"content":{"rendered":"<h1 style=\"text-align: center;\" align=\"justify\"><strong>II.- Servicios jur\u00eddicos ajenos a la intermediaci\u00f3n<\/strong><\/h1>\n<p align=\"justify\">Algunos abogados afiliados a la Asociaci\u00f3n Espa\u00f1ola de Abogados Especialistas en Adopci\u00f3n Internacional y Kafala prestan sus servicios profesionales en algunas \u00e1reas sobre la adopci\u00f3n que no corresponden a tareas de intermediaci\u00f3n, cuyas funcionales \u00fanicamente en Espa\u00f1a lo pueden realizar los Organismos Acreditados por las respectivas Comunidades Aut\u00f3nomas.<\/p>\n<h2 align=\"justify\"><img loading=\"lazy\" decoding=\"async\" class=\" wp-image-18 alignleft\" src=\"https:\/\/adopcion.org\/wp-content\/uploads\/2023\/02\/II-300x229.jpg\" alt=\"\" width=\"532\" height=\"406\" srcset=\"https:\/\/adopcion.org\/wp-content\/uploads\/2023\/02\/II-300x229.jpg 300w, https:\/\/adopcion.org\/wp-content\/uploads\/2023\/02\/II-1024x780.jpg 1024w, https:\/\/adopcion.org\/wp-content\/uploads\/2023\/02\/II-768x585.jpg 768w, https:\/\/adopcion.org\/wp-content\/uploads\/2023\/02\/II.jpg 1075w\" sizes=\"auto, (max-width: 532px) 100vw, 532px\" \/><\/h2>\n<ol>\n<li>\n<p align=\"justify\">Problemas con la declaratoria de idoneidad para la adopci\u00f3n con la Comunidad Aut\u00f3noma de residencia de los solicitantes.<\/p>\n<\/li>\n<li>\n<p align=\"justify\">Intervenci\u00f3n jur\u00eddica para instar el reconocimiento en Espa\u00f1a de sentencias dictadas en el extranjero sobre adopci\u00f3n.<\/p>\n<\/li>\n<li>\n<p align=\"justify\">procedimiento para la conversi\u00f3n de una sentencia de adopci\u00f3n simple a una adopci\u00f3n plena.<\/p>\n<\/li>\n<li>\n<p align=\"justify\">Intervenci\u00f3n como letrados espa\u00f1oles para resolver problemas o diferencias planteadas entre la familia adoptante con su facilitador extranjero o nacional contratado que lleven tareas vinculadas a la adopci\u00f3n internacional. La misi\u00f3n del abogado se limita \u00fanicamente a asesorar y exigir el cumplimiento de los servicios contratados por los adoptantes.<\/p>\n<\/li>\n<li>\n<p align=\"justify\">Elaboraci\u00f3n de dict\u00e1menes o informaci\u00f3n sobre el Derecho Extranjero con respecto a los requisitos de adopci\u00f3n (C\u00f3digo Civil o Normativa Administrativa) exigida para personas extranjeras que desean adoptar en el pa\u00eds del foro, sobre el procedimiento y la autoridad competente extranjera para constituir la adopci\u00f3n. As\u00ed como asesoramiento legal sobre los problemas para acreditar o cumplir con los requisitos que exige el pa\u00eds de adopci\u00f3n.<\/p>\n<\/li>\n<li>\n<p align=\"justify\">Asesoramiento y gesti\u00f3n en Espa\u00f1a sobre legalizaciones de documentos espa\u00f1oles que deben causar en el extranjero seg\u00fan su \u201cLocus Regit Actum\u201d (tanto para los Pa\u00edses miembros como para los pa\u00edses que se han adherido al Convenio de La Haya de 1965 -Apostilla-).<\/p>\n<\/li>\n<li>\n<p align=\"justify\">Asesoramiento sobre solicitud de visados para familiar comunitaria vinculado mediante la adopci\u00f3n y recursos administrativos contra la decisi\u00f3n de denegaci\u00f3n de visados tanto en reposici\u00f3n ante el consulado como v\u00eda el Contencioso Administrativo.<\/p>\n<\/li>\n<li>\n<p align=\"justify\">Asesoramiento e intervenci\u00f3n en el marco del Derecho Consular y la protecci\u00f3n y la asistencia consular de los espa\u00f1oles que se encuentren en el extranjero, sean residentes o no en el pa\u00eds de estancia.<\/p>\n<\/li>\n<\/ol>\n<hr \/>\n<p style=\"text-align: center;\" align=\"justify\"><strong>Despacho NINA DEHEZA<\/strong><br \/>\n<strong>karlosnina@gmail.com<\/strong><br \/>\n<strong>Abogado de Salamanca<\/strong><br \/>\n<strong>902 262524<\/strong><\/p>\n","protected":false},"excerpt":{"rendered":"<p>II.- Servicios jur\u00eddicos ajenos a la intermediaci\u00f3n Algunos abogados afiliados a la Asociaci\u00f3n Espa\u00f1ola de Abogados Especialistas en Adopci\u00f3n Internacional y Kafala prestan sus servicios profesionales en algunas \u00e1reas sobre la adopci\u00f3n que no corresponden a tareas de intermediaci\u00f3n, cuyas funcionales \u00fanicamente en Espa\u00f1a lo pueden realizar los Organismos Acreditados por las respectivas Comunidades Aut\u00f3nomas. &hellip; <\/p>\n<p class=\"link-more\"><a href=\"https:\/\/adopcion.org\/index.php\/adopcion-org-2023\/servicios-juridicos-ajenos-a-la-intermediacion\/\" class=\"more-link\">Continuar leyendo<span class=\"screen-reader-text\"> \u00abII.- Servicios jur\u00eddicos\u00bb<\/span><\/a><\/p>\n","protected":false},"author":1,"featured_media":0,"parent":22,"menu_order":0,"comment_status":"closed","ping_status":"closed","template":"","meta":{"footnotes":""},"class_list":["post-11","page","type-page","status-publish","hentry"],"_links":{"self":[{"href":"https:\/\/adopcion.org\/index.php\/wp-json\/wp\/v2\/pages\/11","targetHints":{"allow":["GET"]}}],"collection":[{"href":"https:\/\/adopcion.org\/index.php\/wp-json\/wp\/v2\/pages"}],"about":[{"href":"https:\/\/adopcion.org\/index.php\/wp-json\/wp\/v2\/types\/page"}],"author":[{"embeddable":true,"href":"https:\/\/adopcion.org\/index.php\/wp-json\/wp\/v2\/users\/1"}],"replies":[{"embeddable":true,"href":"https:\/\/adopcion.org\/index.php\/wp-json\/wp\/v2\/comments?post=11"}],"version-history":[{"count":7,"href":"https:\/\/adopcion.org\/index.php\/wp-json\/wp\/v2\/pages\/11\/revisions"}],"predecessor-version":[{"id":135,"href":"https:\/\/adopcion.org\/index.php\/wp-json\/wp\/v2\/pages\/11\/revisions\/135"}],"up":[{"embeddable":true,"href":"https:\/\/adopcion.org\/index.php\/wp-json\/wp\/v2\/pages\/22"}],"wp:attachment":[{"href":"https:\/\/adopcion.org\/index.php\/wp-json\/wp\/v2\/media?parent=11"}],"curies":[{"name":"wp","href":"https:\/\/api.w.org\/{rel}","templated":true}]}}