{"id":22,"date":"2023-02-23T21:13:18","date_gmt":"2023-02-23T20:13:18","guid":{"rendered":"https:\/\/adopcion.org\/?page_id=22"},"modified":"2023-02-23T21:44:22","modified_gmt":"2023-02-23T20:44:22","slug":"adopcion-org-2023","status":"publish","type":"page","link":"https:\/\/adopcion.org\/","title":{"rendered":"adopcion.org 2023"},"content":{"rendered":"<p><strong>Adopcion.org<\/strong> comenz\u00f3 a funcionar hace ya mucho tiempo. La adopci\u00f3n en sus variantes nacional en internacional depende de las legislaciones vigentes en cada momento y pa\u00eds. Es, por ello, tremendamente cambiante y variable de un lugar a otro.<\/p>\n<p>En esta web nos centramos en la <strong>adopci\u00f3n internacional en Espa\u00f1a<\/strong>, esto es, acotamos la problem\u00e1tica a una parte m\u00ednima pero a\u00fan as\u00ed muy amplia y compleja. Esperamos que la informaci\u00f3n aqu\u00ed volcada sea de ayuda inicial. No obstante <strong>es recomendable acudir al asesoramiento y direcci\u00f3n profesionales<\/strong> en temas de tal calado y dificultad.<\/p>\n<p><strong>Carlos Nina Deheza<\/strong>, abogado colegiado desde 1993 ha elaborado estos textos. A \u00e9l pueden remitir sus dudas o plantear sus necesidades, les atender\u00e1 gustosamente.<\/p>\n<p>Contenido de la web:<\/p>\n<p><a href=\"https:\/\/adopcion.org\/index.php\/adopcion-org-2023\/situacion-actual-de-la-adopcion-en-espana\/\">I.- LA ACTUAL SITUACI\u00d3N DE LA ADOPCI\u00d3N INTERNACIONAL EN ESPA\u00d1A<\/a><\/p>\n<p><a href=\"https:\/\/adopcion.org\/index.php\/adopcion-org-2023\/servicios-juridicos-ajenos-a-la-intermediacion\/\">II.- SERVICIOS JUR\u00cdDICOS AJENOS A LA INTERMEDIACI\u00d3N<\/a><\/p>\n<p><a href=\"https:\/\/adopcion.org\/index.php\/adopcion-org-2023\/problemas-mas-frecuentes-en-adopcion-internacional\/\">III.- LOS PROBLEMAS M\u00c1S FRECUENTES EN LA ADOPCI\u00d3N INTERNACIONAL<\/a><\/p>\n<p>&nbsp;<\/p>\n","protected":false},"excerpt":{"rendered":"<p>Adopcion.org comenz\u00f3 a funcionar hace ya mucho tiempo. La adopci\u00f3n en sus variantes nacional en internacional depende de las legislaciones vigentes en cada momento y pa\u00eds. Es, por ello, tremendamente cambiante y variable de un lugar a otro. En esta web nos centramos en la adopci\u00f3n internacional en Espa\u00f1a, esto es, acotamos la problem\u00e1tica a &hellip; <\/p>\n<p class=\"link-more\"><a href=\"https:\/\/adopcion.org\/\" class=\"more-link\">Continuar leyendo<span class=\"screen-reader-text\"> \u00abadopcion.org 2023\u00bb<\/span><\/a><\/p>\n","protected":false},"author":1,"featured_media":0,"parent":0,"menu_order":0,"comment_status":"closed","ping_status":"closed","template":"","meta":{"footnotes":""},"class_list":["post-22","page","type-page","status-publish","hentry"],"_links":{"self":[{"href":"https:\/\/adopcion.org\/index.php\/wp-json\/wp\/v2\/pages\/22","targetHints":{"allow":["GET"]}}],"collection":[{"href":"https:\/\/adopcion.org\/index.php\/wp-json\/wp\/v2\/pages"}],"about":[{"href":"https:\/\/adopcion.org\/index.php\/wp-json\/wp\/v2\/types\/page"}],"author":[{"embeddable":true,"href":"https:\/\/adopcion.org\/index.php\/wp-json\/wp\/v2\/users\/1"}],"replies":[{"embeddable":true,"href":"https:\/\/adopcion.org\/index.php\/wp-json\/wp\/v2\/comments?post=22"}],"version-history":[{"count":4,"href":"https:\/\/adopcion.org\/index.php\/wp-json\/wp\/v2\/pages\/22\/revisions"}],"predecessor-version":[{"id":37,"href":"https:\/\/adopcion.org\/index.php\/wp-json\/wp\/v2\/pages\/22\/revisions\/37"}],"wp:attachment":[{"href":"https:\/\/adopcion.org\/index.php\/wp-json\/wp\/v2\/media?parent=22"}],"curies":[{"name":"wp","href":"https:\/\/api.w.org\/{rel}","templated":true}]}}