{"id":3,"date":"2023-02-23T19:04:18","date_gmt":"2023-02-23T19:04:18","guid":{"rendered":"https:\/\/adopcion.org\/?page_id=3"},"modified":"2023-04-13T17:27:59","modified_gmt":"2023-04-13T16:27:59","slug":"privacy-policy","status":"publish","type":"page","link":"https:\/\/adopcion.org\/index.php\/privacy-policy\/","title":{"rendered":"Pol\u00edtica de privacidad"},"content":{"rendered":"<h2 align=\"justify\"><span style=\"color: #000000;\"><span style=\"font-family: Century Gothic, serif;\"><span style=\"font-size: medium;\">I.-<\/span><\/span> <span style=\"font-family: Century Gothic, serif;\"><span style=\"font-size: medium;\">\u00bfQui\u00e9n es el Responsable del tratamiento de sus datos?<\/span><\/span><\/span><\/h2>\n<p align=\"justify\"><span style=\"color: #000000;\"><span style=\"font-family: Century Gothic, serif;\"><span style=\"font-size: medium;\">La presente pol\u00edtica de privacidad (en adelante, la \u00abPol\u00edtica de Privacidad\u00bb) aplica a todos los datos de car\u00e1cter personal que el usuario aporte a la Asociaci\u00f3n Buscadop con motivo de alguna solicitud de informaci\u00f3n realizada o comentario mediante email.<\/span><\/span><\/span><\/p>\n<p align=\"justify\"><span style=\"color: #000000;\"><span style=\"font-family: Century Gothic, serif;\"><span style=\"font-size: medium;\">El objetivo de la Pol\u00edtica de Privacidad del Buscadop es dar transparencia a la informaci\u00f3n acerca de c\u00f3mo tratamos sus datos y proteger la informaci\u00f3n en Internet y los datos que el usuario pueda introducir en la web o nos haya facilitado por e-mail.<\/span><\/span><\/span><\/p>\n<p align=\"justify\"><span style=\"color: #000000;\"><span style=\"font-family: Century Gothic, serif;\"><span style=\"font-size: medium;\">El Usuario podr\u00e1 ponerse en contacto con la Asociaci\u00f3n mediante el email: buscadop@gmail.com\u00a0ante cualquier duda o necesidad que tuviere en materia de protecci\u00f3n de datos.<\/span><\/span><\/span><\/p>\n<h2 align=\"justify\"><span style=\"color: #000000;\"><span style=\"font-family: Century Gothic, serif;\"><span style=\"font-size: medium;\">II.-<\/span><\/span> <span style=\"font-family: Century Gothic, serif;\"><span style=\"font-size: medium;\">\u00bfCon qu\u00e9 finalidad tratamos sus datos personales?<\/span><\/span><\/span><\/h2>\n<p align=\"justify\"><span style=\"color: #000000;\"><span style=\"font-family: Century Gothic, serif;\"><span style=\"font-size: medium;\">No disponemos de base de datos alguna, s\u00f3lo el archivo del que dispone Gmail sobre los correos enviados o contestados. La Asociaci\u00f3n no realiza ninguna actividad promocional acerca de ning\u00fan producto o servicio, tan s\u00f3lo se limita a indexar art\u00edculos y opiniones de los profesionales que escriben sobre la adopci\u00f3n en lengua espa\u00f1ola. <\/span><\/span><\/span><\/p>\n<h2 align=\"justify\"><span style=\"color: #000000;\"><span style=\"font-family: Century Gothic, serif;\"><span style=\"font-size: medium;\">III.-<\/span><\/span> <span style=\"font-family: Century Gothic, serif;\"><span style=\"font-size: medium;\">\u00bfPor cu\u00e1nto tiempo conservamos sus datos personales?<\/span><\/span><\/span><\/h2>\n<p align=\"justify\"><span style=\"color: #000000;\"><span style=\"font-family: Century Gothic, serif;\"><span style=\"font-size: medium;\">BuscAdop no conserva datos ni firma contratos con ninguna persona, salvo con sus socios.<\/span><\/span><\/span><\/p>\n<h2 align=\"justify\"><span style=\"color: #000000;\"><span style=\"font-family: Century Gothic, serif;\"><span style=\"font-size: medium;\">IV.-<\/span><\/span> <span style=\"font-family: Century Gothic, serif;\"><span style=\"font-size: medium;\">\u00bfQui\u00e9n tiene acceso a sus datos personales?<\/span><\/span><\/span><\/h2>\n<p align=\"justify\"><span style=\"color: #000000;\"><span style=\"font-family: Century Gothic, serif;\"><span style=\"font-size: medium;\">Las personas que contestan los correos son las \u00fanicas que gestionan el correo electr\u00f3nico, no ceden datos a terceras personas que no formen parte del equipo de gesti\u00f3n de informaci\u00f3n. <\/span><\/span><\/span><\/p>\n<h2 align=\"justify\"><span style=\"color: #000000;\"><span style=\"font-family: Century Gothic, serif;\"><span style=\"font-size: medium;\">V.-<\/span><\/span> <span style=\"font-family: Century Gothic, serif;\"><span style=\"font-size: medium;\">\u00bfCu\u00e1les son los derechos de los usuarios?<\/span><\/span><\/span><\/h2>\n<p align=\"justify\"><span style=\"color: #000000;\"><span style=\"font-family: Century Gothic, serif;\"><span style=\"font-size: medium;\">Cualquier usuario que nos haya escrito nominativamente tiene la posibilidad que le asiste de ejercitar los derechos de acceso, rectificaci\u00f3n, oposici\u00f3n, supresi\u00f3n, portabilidad y limitaci\u00f3n del tratamiento, as\u00ed como solicitar que se borre su correo. Siempre aconsejamos que nos puedan escribir an\u00f3nimamente o bajo un seud\u00f3nimo, para no ser identificados. El Usuario podr\u00e1 ejercitar los mencionados derechos a trav\u00e9s del correo electr\u00f3nico<\/span><\/span><\/span> <span style=\"color: #0000ff;\"><u><a href=\"mailto:buscadop@gmail.com\"><span style=\"color: #000000;\"><span style=\"font-family: Century Gothic, serif;\"><span style=\"font-size: medium;\">buscadop@gmail.com<\/span><\/span><\/span><\/a><\/u><\/span><\/p>\n<h2 align=\"justify\"><span style=\"color: #000000;\"><span style=\"font-family: Century Gothic, serif;\"><span style=\"font-size: medium;\">VI.-<\/span><\/span> <span style=\"font-family: Century Gothic, serif;\"><span style=\"font-size: medium;\">\u00bfA partir de qu\u00e9 edad puede el Usuario escribir o ponerse en contacto con Buscadop?<\/span><\/span><\/span><\/h2>\n<p align=\"justify\"><span style=\"color: #000000;\"><span style=\"font-family: Century Gothic, serif;\"><span style=\"font-size: medium;\">La web de la Asociaci\u00f3n no se dirige a menores de 18 a\u00f1os. Al aceptar la presente Pol\u00edtica de Privacidad el Usuario declara y garantiza que es mayor de 18 a\u00f1os.<\/span><\/span><\/span><\/p>\n<h2 align=\"justify\"><span style=\"color: #000000;\"><span style=\"font-family: Century Gothic, serif;\"><span style=\"font-size: medium;\">VII.-<\/span><\/span> <span style=\"font-family: Century Gothic, serif;\"><span style=\"font-size: medium;\">\u00bfQu\u00e9 medidas de seguridad tenemos implementadas?<\/span><\/span><\/span><\/h2>\n<p align=\"justify\"><span style=\"color: #000000;\"><span style=\"font-family: Century Gothic, serif;\"><span style=\"font-size: medium;\">La Asociaci\u00f3n se compromete al cumplimiento de su obligaci\u00f3n de secreto de los datos de car\u00e1cter personal y de su deber de guardarlos, y adoptar\u00e1 las medidas necesarias para evitar su alteraci\u00f3n, p\u00e9rdida, tratamiento o acceso no autorizado, de acuerdo con lo establecido por normativa aplicable. No obstante, la Asociaci\u00f3n no dispone de una base de datos que no sea el gestor de correo de la empresa Gmail de Google.<\/span><\/span><\/span><\/p>\n<p align=\"justify\"><span style=\"color: #000000;\"><span style=\"font-family: Century Gothic, serif;\"><span style=\"font-size: medium;\">Al ser la principal empresa de comunicaci\u00f3n por internet confiamos en su buen hacer y \u00e9tica.<\/span><\/span><\/span><\/p>\n<h2 align=\"justify\"><span style=\"color: #000000;\"><span style=\"font-family: Century Gothic, serif;\"><span style=\"font-size: medium;\">VIII.- Uso de cookies.<\/span><\/span><\/span><\/h2>\n<p align=\"justify\"><span style=\"color: #000000;\"><span style=\"font-family: Century Gothic, serif;\"><span style=\"font-size: medium;\">Nuestra p\u00e1gina web utiliza cookies para distinguirle a usted de los dem\u00e1s usuarios de nuestro sitio web, lo que nos ayuda a proporcionarle una buena experiencia cuando navega por nuestro sitio web y nos permite asimismo mejorarlo. En cuando al uso de cookies, la Asociaci\u00f3n no presta ning\u00fan servicio comercial, tan s\u00f3lo se limita a informar y proporcionar libre y gratuitamente informaci\u00f3n relevante sobre la legislaci\u00f3n en Espa\u00f1a.<\/span><\/span><\/span><\/p>\n<h2 align=\"justify\"><span style=\"color: #000000;\"><span style=\"font-family: Century Gothic, serif;\"><span style=\"font-size: medium;\">IX.- Enlaces, v\u00ednculos, etc (links)<\/span><\/span><\/span><\/h2>\n<p align=\"justify\"><span style=\"color: #000000;\"><span style=\"font-family: Century Gothic, serif;\"><span style=\"font-size: medium;\">La p\u00e1gina web de la Asociaci\u00f3n puede incluir hiperv\u00ednculos a otros sitios que no son operados o controlados por la Asociaci\u00f3n. Por ello, Buscadop no garantiza ni se hace responsable de la licitud, fiabilidad, utilidad, veracidad y actualidad de los contenidos de tales sitios web o de sus pr\u00e1cticas de privacidad. Por favor, antes de proporcionar su informaci\u00f3n personal a estos sitios web ajenos a la Asociaci\u00f3n, tenga en cuenta que su cumplimiento en materia de protecci\u00f3n de datos puede diferir del nuestro.<\/span><\/span><\/span><\/p>\n<h2 align=\"justify\"><span style=\"color: #000000;\"><span style=\"font-family: Century Gothic, serif;\"><span style=\"font-size: medium;\">X.- Modificaci\u00f3n de la Pol\u00edtica de Privacidad.<\/span><\/span><\/span><\/h2>\n<p align=\"justify\"><span style=\"color: #000000;\"><span style=\"font-family: Century Gothic, serif;\"><span style=\"font-size: medium;\">La Asociaci\u00f3n Buscadop podr\u00e1 modificar su Pol\u00edtica de Privacidad de acuerdo con la legislaci\u00f3n aplicable en cada momento. En todo caso, cualquier modificaci\u00f3n de la Pol\u00edtica de Privacidad le ser\u00e1 debidamente notificada al Usuario para que quede informado de los cambios realizados en el tratamiento de sus datos personales y, en caso de que la normativa aplicable as\u00ed lo exija, el Usuario pueda otorgar su consentimiento.<\/span><\/span><\/span><\/p>\n","protected":false},"excerpt":{"rendered":"<p>I.- \u00bfQui\u00e9n es el Responsable del tratamiento de sus datos? La presente pol\u00edtica de privacidad (en adelante, la \u00abPol\u00edtica de Privacidad\u00bb) aplica a todos los datos de car\u00e1cter personal que el usuario aporte a la Asociaci\u00f3n Buscadop con motivo de alguna solicitud de informaci\u00f3n realizada o comentario mediante email. El objetivo de la Pol\u00edtica de &hellip; <\/p>\n<p class=\"link-more\"><a href=\"https:\/\/adopcion.org\/index.php\/privacy-policy\/\" class=\"more-link\">Continuar leyendo<span class=\"screen-reader-text\"> \u00abPol\u00edtica de privacidad\u00bb<\/span><\/a><\/p>\n","protected":false},"author":1,"featured_media":0,"parent":0,"menu_order":0,"comment_status":"closed","ping_status":"closed","template":"","meta":{"footnotes":""},"class_list":["post-3","page","type-page","status-publish","hentry"],"_links":{"self":[{"href":"https:\/\/adopcion.org\/index.php\/wp-json\/wp\/v2\/pages\/3","targetHints":{"allow":["GET"]}}],"collection":[{"href":"https:\/\/adopcion.org\/index.php\/wp-json\/wp\/v2\/pages"}],"about":[{"href":"https:\/\/adopcion.org\/index.php\/wp-json\/wp\/v2\/types\/page"}],"author":[{"embeddable":true,"href":"https:\/\/adopcion.org\/index.php\/wp-json\/wp\/v2\/users\/1"}],"replies":[{"embeddable":true,"href":"https:\/\/adopcion.org\/index.php\/wp-json\/wp\/v2\/comments?post=3"}],"version-history":[{"count":2,"href":"https:\/\/adopcion.org\/index.php\/wp-json\/wp\/v2\/pages\/3\/revisions"}],"predecessor-version":[{"id":124,"href":"https:\/\/adopcion.org\/index.php\/wp-json\/wp\/v2\/pages\/3\/revisions\/124"}],"wp:attachment":[{"href":"https:\/\/adopcion.org\/index.php\/wp-json\/wp\/v2\/media?parent=3"}],"curies":[{"name":"wp","href":"https:\/\/api.w.org\/{rel}","templated":true}]}}