{"id":8,"date":"2023-02-23T19:36:08","date_gmt":"2023-02-23T19:36:08","guid":{"rendered":"https:\/\/adopcion.org\/?page_id=8"},"modified":"2024-03-15T10:07:50","modified_gmt":"2024-03-15T09:07:50","slug":"situacion-actual-de-la-adopcion-en-espana","status":"publish","type":"page","link":"https:\/\/adopcion.org\/index.php\/adopcion-org-2023\/situacion-actual-de-la-adopcion-en-espana\/","title":{"rendered":"I.- Situaci\u00f3n actual"},"content":{"rendered":"<h1 style=\"text-align: center;\" align=\"justify\"><strong>I.- Situaci\u00f3n actual de la adopci\u00f3n<br \/>\ninternacional en Espa\u00f1a<\/strong><\/h1>\n<p style=\"text-align: center;\"><b>LA ADOPCI\u00d3N INTERNACIONAL EN ESPA\u00d1A 2024 Y C\u00d3MO INICIAR UN PROCESO DE ADOPCI\u00d3N EN EL EXTRANJERO.<\/b><\/p>\n<p align=\"justify\"><img loading=\"lazy\" decoding=\"async\" class=\"wp-image-35 aligncenter\" src=\"https:\/\/adopcion.org\/wp-content\/uploads\/2023\/02\/I-A-1-300x200.jpg\" alt=\"\" width=\"474\" height=\"316\" srcset=\"https:\/\/adopcion.org\/wp-content\/uploads\/2023\/02\/I-A-1-300x200.jpg 300w, https:\/\/adopcion.org\/wp-content\/uploads\/2023\/02\/I-A-1-1024x682.jpg 1024w, https:\/\/adopcion.org\/wp-content\/uploads\/2023\/02\/I-A-1-768x512.jpg 768w, https:\/\/adopcion.org\/wp-content\/uploads\/2023\/02\/I-A-1-1200x800.jpg 1200w, https:\/\/adopcion.org\/wp-content\/uploads\/2023\/02\/I-A-1.jpg 1280w\" sizes=\"auto, (max-width: 474px) 100vw, 474px\" \/><\/p>\n<p align=\"justify\"><strong>Introducci\u00f3n<\/strong><\/p>\n<p align=\"justify\">Los a\u00f1os perdidos no son simplemente un conjunto de d\u00edas en un calendario que se han ido sin m\u00e1s, son la manifestaci\u00f3n de quienes tomaban decisiones err\u00f3neas con un total desconocimiento de la realidad de un Estado auton\u00f3mico y de una Espa\u00f1a que se asienta sobre la Constituci\u00f3n de 1978; el intento de realizar una reforma de la adopci\u00f3n internacional a base de decretazos e instrucciones y derogar varios art\u00edculos de la Ley de adopci\u00f3n de 2007 sin fundamento jur\u00eddico, ha fracasado no s\u00f3lo por ser inconstitucional sino por su inoperatividad; un proverbio chino dice \u00abNo cambies lo que funciona\u00bb; en nuestro pa\u00eds se cambi\u00f3 y lo grave es que se desarticul\u00f3 todo el sistema de adopci\u00f3n internacional hasta reducirlo \u00abal m\u00ednimo del m\u00ednimo\u00bb. Si a todo ello a\u00f1adimos el actual panorama internacional de relaciones con Europa, la situaci\u00f3n es de un total estancamiento de m\u00ednimos. En resumen: una combinaci\u00f3n de circunstancias desafortunadas se reunieron en un momento equivocado dependiendo de personas cuyas acciones o decisiones contribuyeron a un resultado nulo.<\/p>\n<p align=\"justify\">Los intentos de solapar errores mediante la publicaci\u00f3n de un nuevo Real Decreto 573\/2023, sin tomar tiempo para la reflexi\u00f3n, conducir\u00e1 nuevamente a la improvisaci\u00f3n, y corresponde por lo tanto a las Comunidades Aut\u00f3nomas ser guardianes de sus Estatutos, conservar los buenos Decretos de los que dispon\u00edan y lo m\u00e1s importante, solucionar problemas de los ciudadanos que viven en su Comunidad; esa es la esperanza que queda, pero no es posible recuperar el tiempo perdido en la adopci\u00f3n internacional, quedan las ruinas de lo destruido, de ese sistema estructurado auton\u00f3mico espa\u00f1ol de Entidades Colaboradoras de Adopci\u00f3n Internacional (ECAIs), los resultados alcanzados en materia de adopci\u00f3n la d\u00e9cada pasada son indicadores de que jam\u00e1s se deb\u00eda haber permitido su desmantelamiento y el recuerdo de un pasado, en el que \u201cno sab\u00edamos lo que ten\u00edamos hasta que nos dimos cuenta y lo perdimos\u201d.<\/p>\n<p align=\"justify\">Es el momento de volver a empezar.<\/p>\n<p align=\"justify\">Ley de Adopci\u00f3n Internacional:<\/p>\n<p style=\"padding-left: 40px;\" align=\"justify\"><a href=\"https:\/\/www.boe.es\/buscar\/act.php?id=BOE-A-2007-22438\">https:\/\/www.boe.es\/buscar\/act.php?id=BOE-A-2007-22438<\/a><\/p>\n<p align=\"justify\">Reglamento de Adopci\u00f3n:<\/p>\n<p style=\"padding-left: 40px;\" align=\"justify\"><a href=\"https:\/\/www.boe.es\/diario_boe\/txt.php?id=BOE-A-2023-15553\">https:\/\/www.boe.es\/diario_boe\/txt.php?id=BOE-A-2023-15553<\/a><\/p>\n<p align=\"justify\">Para los ver los decretos auton\u00f3micos puede visitar la web de su Comunidad Aut\u00f3noma:<\/p>\n<p style=\"padding-left: 40px;\" align=\"justify\">Extremadura: <a href=\"https:\/\/www.juntaex.es\/w\/3479\">https:\/\/www.juntaex.es\/w\/3479<\/a><\/p>\n<p align=\"justify\"><strong>C\u00d3MO INICIAR UN PROCESO DE ADOPCI\u00d3N EN EL EXTRANJERO EL A\u00d1O 2024<\/strong><\/p>\n<p align=\"justify\"><img loading=\"lazy\" decoding=\"async\" class=\"alignnone wp-image-132\" src=\"https:\/\/adopcion.org\/wp-content\/uploads\/2024\/03\/mundo-familias-300x220.jpg\" alt=\"mundo y familias\" width=\"571\" height=\"419\" srcset=\"https:\/\/adopcion.org\/wp-content\/uploads\/2024\/03\/mundo-familias-300x220.jpg 300w, https:\/\/adopcion.org\/wp-content\/uploads\/2024\/03\/mundo-familias-1024x750.jpg 1024w, https:\/\/adopcion.org\/wp-content\/uploads\/2024\/03\/mundo-familias-768x563.jpg 768w, https:\/\/adopcion.org\/wp-content\/uploads\/2024\/03\/mundo-familias.jpg 1280w\" sizes=\"auto, (max-width: 571px) 100vw, 571px\" \/><\/p>\n<p align=\"justify\"><strong>C\u00d3MO EMPEZAR:<\/strong><\/p>\n<p align=\"justify\">Solicitar informaci\u00f3n en tu Comunidad, para lo cual debes pedir una cita con el Servicio de Adopci\u00f3n Internacional de tu Comunidad Aut\u00f3noma.<\/p>\n<p align=\"justify\"><strong>PERO ANTES, QU\u00c9 PREGUNTAR Y C\u00d3MO PREGUNTAR<\/strong><\/p>\n<p align=\"justify\">Antes de solicitar informaci\u00f3n sobre la adopci\u00f3n internacional, es conveniente identificar una serie de preguntas claras y espec\u00edficas sobre el tema o los temas que m\u00e1s te importan. Aqu\u00ed tienes algunos pasos y ejemplos de preguntas que podr\u00edas considerar:<\/p>\n<p><strong>1.- Identifica tu objetivo:<\/strong><\/p>\n<ul>\n<li style=\"list-style-type: none;\">\n<ul>\n<li>\u00bfQu\u00e9 informaci\u00f3n necesitas exactamente? Para empezar un proceso de adopci\u00f3n, requisitos para la concesi\u00f3n del certificado de idoneidad o para la elecci\u00f3n de pa\u00eds.<\/li>\n<li>\u00bfCu\u00e1l es ofrecimiento de adopci\u00f3n que puedes realizar? Edad, salud y coste.<\/li>\n<\/ul>\n<\/li>\n<\/ul>\n<p><strong>2.- Investiga previamente:<\/strong><\/p>\n<ul>\n<li style=\"list-style-type: none;\">\n<ul>\n<li>Investiga el tema para tener una comprensi\u00f3n b\u00e1sica antes de formular preguntas.<\/li>\n<li>\u00bfQu\u00e9 aspectos espec\u00edficos te interesan? Como puede ser en qu\u00e9 pa\u00eds o pa\u00edses se puede adoptar.<\/li>\n<\/ul>\n<\/li>\n<\/ul>\n<p><strong>3.- Formula preguntas abiertas y cerradas:<\/strong><\/p>\n<ul>\n<li style=\"list-style-type: none;\">\n<ul>\n<li>Realizar preguntas abiertas: permiten respuestas m\u00e1s detalladas y son \u00fatiles para obtener una comprensi\u00f3n amplia del tema.<\/li>\n<li>Ejemplo: \u00bfCu\u00e1les son los principales problemas a la hora de adoptar en otro pa\u00eds?<\/li>\n<li>Preguntas cerradas: Son \u00fatiles para obtener informaci\u00f3n espec\u00edfica y concreta.<\/li>\n<\/ul>\n<\/li>\n<\/ul>\n<p style=\"padding-left: 40px;\">Ejemplo: \u00bfQu\u00e9 ni\u00f1os dan en adopci\u00f3n en relaci\u00f3n a la edad que tengo? \u00bfCu\u00e1nto est\u00e1 tardando un proceso de adopci\u00f3n? \u00bfEn cu\u00e1nto tiempo se ha resuelto el proceso de adopci\u00f3n de los \u00faltimos solicitantes que ha adoptado en un determinado pa\u00eds?<\/p>\n<p><strong>4.- S\u00e9 claro y conciso:<\/strong><\/p>\n<ul>\n<li style=\"list-style-type: none;\">\n<ul>\n<li>Evita preguntas ambiguas o confusas.<\/li>\n<li>S\u00e9 directo en lo que est\u00e1s buscando.<\/li>\n<\/ul>\n<\/li>\n<\/ul>\n<p><strong>5.- S\u00e9 respetuoso y cort\u00e9s:<\/strong><\/p>\n<ul>\n<li style=\"list-style-type: none;\">\n<ul>\n<li>Agradece a la persona por su tiempo y su disposici\u00f3n para responder tus preguntas.<\/li>\n<\/ul>\n<\/li>\n<\/ul>\n<p><strong>6.- Adapta tus preguntas al contexto y a la persona a la que est\u00e1s preguntando:<\/strong><\/p>\n<ul>\n<li style=\"list-style-type: none;\">\n<ul>\n<li>Considera que a quien preguntas es un funcionario y ajusta tus preguntas en consecuencia a lo m\u00e1s concreto, a los datos de que \u00e9l dispone por su trabajo.<\/li>\n<\/ul>\n<\/li>\n<\/ul>\n<p><img loading=\"lazy\" decoding=\"async\" class=\"wp-image-19 aligncenter\" src=\"https:\/\/adopcion.org\/wp-content\/uploads\/2023\/02\/III-300x200.jpg\" alt=\"\" width=\"711\" height=\"474\" srcset=\"https:\/\/adopcion.org\/wp-content\/uploads\/2023\/02\/III-300x200.jpg 300w, https:\/\/adopcion.org\/wp-content\/uploads\/2023\/02\/III-1024x683.jpg 1024w, https:\/\/adopcion.org\/wp-content\/uploads\/2023\/02\/III-768x512.jpg 768w, https:\/\/adopcion.org\/wp-content\/uploads\/2023\/02\/III.jpg 1299w\" sizes=\"auto, (max-width: 711px) 100vw, 711px\" \/><\/p>\n<h4>Ejemplo de una solicitud de informaci\u00f3n sobre la adopci\u00f3n internacional en Espa\u00f1a:<\/h4>\n<p><strong>1.- Objetivo: <\/strong>Obtener informaci\u00f3n sobre la adopci\u00f3n de un menor fuera de Espa\u00f1a<\/p>\n<p><strong>2.- Preguntas:<\/strong><\/p>\n<ul>\n<li style=\"list-style-type: none;\">\n<ul>\n<li>\u00bfCu\u00e1les son los pa\u00edses en que los espa\u00f1oles adoptan en los \u00faltimos dos a\u00f1os?<\/li>\n<li>\u00bfCu\u00e1les son los principales problemas a los que se han enfrentado?<\/li>\n<li>\u00bfPodr\u00edas proporcionar ejemplos de tres pa\u00edses en los que ha sido exitosa la adopci\u00f3n por parte de familias espa\u00f1olas en los dos \u00faltimos a\u00f1os?<\/li>\n<li>\u00bfQu\u00e9 convenios o acuerdos tenemos con esos pa\u00edses?<\/li>\n<li>\u00bfCu\u00e1les son los apoyos que tengo en esos pa\u00edses? \u00bfcu\u00e1ntas adopciones han realizado en el \u00faltimo a\u00f1o las entidades intermediarias?<\/li>\n<\/ul>\n<\/li>\n<\/ul>\n<p><strong>3.- Adaptaci\u00f3n al contexto: <\/strong>Si est\u00e1s consultado a un funcionario del Departamento de Adopci\u00f3n Internacional y que conoce el pa\u00eds de adopci\u00f3n, podr\u00edas formular preguntas m\u00e1s espec\u00edficas. Si est\u00e1s hablando con alguien menos familiarizado con el tema, podr\u00edas comenzar con preguntas m\u00e1s generales para establecer una comprensi\u00f3n b\u00e1sica antes de profundizar en detalles m\u00e1s complejos.<\/p>\n<hr \/>\n<p style=\"text-align: center;\"><strong>Despacho NINA DEHEZA<\/strong><br \/>\n<strong>karlosnina@gmail.com<\/strong><br \/>\n<strong>Abogado de Salamanca<\/strong><br \/>\n<strong>902 262524<\/strong><\/p>\n<p>&nbsp;<\/p>\n<p align=\"justify\">\n","protected":false},"excerpt":{"rendered":"<p>I.- Situaci\u00f3n actual de la adopci\u00f3n internacional en Espa\u00f1a LA ADOPCI\u00d3N INTERNACIONAL EN ESPA\u00d1A 2024 Y C\u00d3MO INICIAR UN PROCESO DE ADOPCI\u00d3N EN EL EXTRANJERO. Introducci\u00f3n Los a\u00f1os perdidos no son simplemente un conjunto de d\u00edas en un calendario que se han ido sin m\u00e1s, son la manifestaci\u00f3n de quienes tomaban decisiones err\u00f3neas con un &hellip; <\/p>\n<p class=\"link-more\"><a href=\"https:\/\/adopcion.org\/index.php\/adopcion-org-2023\/situacion-actual-de-la-adopcion-en-espana\/\" class=\"more-link\">Continuar leyendo<span class=\"screen-reader-text\"> \u00abI.- Situaci\u00f3n actual\u00bb<\/span><\/a><\/p>\n","protected":false},"author":1,"featured_media":0,"parent":22,"menu_order":0,"comment_status":"closed","ping_status":"closed","template":"","meta":{"footnotes":""},"class_list":["post-8","page","type-page","status-publish","hentry"],"_links":{"self":[{"href":"https:\/\/adopcion.org\/index.php\/wp-json\/wp\/v2\/pages\/8","targetHints":{"allow":["GET"]}}],"collection":[{"href":"https:\/\/adopcion.org\/index.php\/wp-json\/wp\/v2\/pages"}],"about":[{"href":"https:\/\/adopcion.org\/index.php\/wp-json\/wp\/v2\/types\/page"}],"author":[{"embeddable":true,"href":"https:\/\/adopcion.org\/index.php\/wp-json\/wp\/v2\/users\/1"}],"replies":[{"embeddable":true,"href":"https:\/\/adopcion.org\/index.php\/wp-json\/wp\/v2\/comments?post=8"}],"version-history":[{"count":14,"href":"https:\/\/adopcion.org\/index.php\/wp-json\/wp\/v2\/pages\/8\/revisions"}],"predecessor-version":[{"id":136,"href":"https:\/\/adopcion.org\/index.php\/wp-json\/wp\/v2\/pages\/8\/revisions\/136"}],"up":[{"embeddable":true,"href":"https:\/\/adopcion.org\/index.php\/wp-json\/wp\/v2\/pages\/22"}],"wp:attachment":[{"href":"https:\/\/adopcion.org\/index.php\/wp-json\/wp\/v2\/media?parent=8"}],"curies":[{"name":"wp","href":"https:\/\/api.w.org\/{rel}","templated":true}]}}